{"id":1313,"date":"2024-03-14T17:31:23","date_gmt":"2024-03-14T17:31:23","guid":{"rendered":"https:\/\/www.gebaeudetechnik-schmid.ch\/?page_id=1313"},"modified":"2024-05-09T18:43:25","modified_gmt":"2024-05-09T18:43:25","slug":"impressum","status":"publish","type":"page","link":"https:\/\/www.gebaeudetechnik-schmid.ch\/en\/impressum\/","title":{"rendered":"Imprint"},"content":{"rendered":"<div data-elementor-type=\"wp-page\" data-elementor-id=\"1313\" class=\"elementor elementor-1313\" data-elementor-post-type=\"page\">\n\t\t\t\t<div class=\"elementor-element elementor-element-772a663 e-flex e-con-boxed e-con e-parent\" data-id=\"772a663\" data-element_type=\"container\" data-e-type=\"container\" data-settings=\"{&quot;background_background&quot;:&quot;classic&quot;}\">\n\t\t\t\t\t<div class=\"e-con-inner\">\n\t\t<div class=\"elementor-element elementor-element-4da4d109 e-con-full e-flex e-con e-child\" data-id=\"4da4d109\" data-element_type=\"container\" data-e-type=\"container\" data-settings=\"{&quot;background_background&quot;:&quot;classic&quot;}\">\n\t\t\t\t<div class=\"elementor-element elementor-element-189e12a3 elementor-invisible elementor-widget elementor-widget-heading\" data-id=\"189e12a3\" data-element_type=\"widget\" data-e-type=\"widget\" data-settings=\"{&quot;_animation&quot;:&quot;fadeInDown&quot;}\" data-widget_type=\"heading.default\">\n\t\t\t\t<div class=\"elementor-widget-container\">\n\t\t\t\t\t<h1 class=\"elementor-heading-title elementor-size-default\">Imprint<\/h1>\t\t\t\t<\/div>\n\t\t\t\t<\/div>\n\t\t\t\t<div class=\"elementor-element elementor-element-33e09438 elementor-widget-divider--view-line elementor-invisible elementor-widget elementor-widget-divider\" data-id=\"33e09438\" data-element_type=\"widget\" data-e-type=\"widget\" data-settings=\"{&quot;_animation&quot;:&quot;fadeInDown&quot;}\" data-widget_type=\"divider.default\">\n\t\t\t\t<div class=\"elementor-widget-container\">\n\t\t\t\t\t\t\t<div class=\"elementor-divider\">\n\t\t\t<span class=\"elementor-divider-separator\">\n\t\t\t\t\t\t<\/span>\n\t\t<\/div>\n\t\t\t\t\t\t<\/div>\n\t\t\t\t<\/div>\n\t\t\t\t<div class=\"elementor-element elementor-element-162c6fb elementor-icon-list--layout-inline elementor-list-item-link-full_width elementor-widget elementor-widget-icon-list\" data-id=\"162c6fb\" data-element_type=\"widget\" data-e-type=\"widget\" data-widget_type=\"icon-list.default\">\n\t\t\t\t<div class=\"elementor-widget-container\">\n\t\t\t\t\t\t\t<ul class=\"elementor-icon-list-items elementor-inline-items\">\n\t\t\t\t\t\t\t<li class=\"elementor-icon-list-item elementor-inline-item\">\n\t\t\t\t\t\t\t\t\t\t\t<a href=\"https:\/\/www.gebaeudetechnik-schmid.ch\/\">\n\n\t\t\t\t\t\t\t\t\t\t\t<span class=\"elementor-icon-list-text\">Home<\/span>\n\t\t\t\t\t\t\t\t\t\t\t<\/a>\n\t\t\t\t\t\t\t\t\t<\/li>\n\t\t\t\t\t\t\t\t<li class=\"elementor-icon-list-item elementor-inline-item\">\n\t\t\t\t\t\t\t\t\t\t\t<a href=\"https:\/\/www.gebaeudetechnik-schmid.ch\/neubau-umbau\/\">\n\n\t\t\t\t\t\t\t\t\t\t\t\t<span class=\"elementor-icon-list-icon\">\n\t\t\t\t\t\t\t<svg aria-hidden=\"true\" class=\"e-font-icon-svg e-fas-chevron-right\" viewbox=\"0 0 320 512\" xmlns=\"http:\/\/www.w3.org\/2000\/svg\"><path d=\"M285.476 272.971L91.132 467.314c-9.373 9.373-24.569 9.373-33.941 0l-22.667-22.667c-9.357-9.357-9.375-24.522-.04-33.901L188.505 256 34.484 101.255c-9.335-9.379-9.317-24.544.04-33.901l22.667-22.667c9.373-9.373 24.569-9.373 33.941 0L285.475 239.03c9.373 9.372 9.373 24.568.001 33.941z\"><\/path><\/svg>\t\t\t\t\t\t<\/span>\n\t\t\t\t\t\t\t\t\t\t<span class=\"elementor-icon-list-text\">Imprint<\/span>\n\t\t\t\t\t\t\t\t\t\t\t<\/a>\n\t\t\t\t\t\t\t\t\t<\/li>\n\t\t\t\t\t\t<\/ul>\n\t\t\t\t\t\t<\/div>\n\t\t\t\t<\/div>\n\t\t\t\t<\/div>\n\t\t\t\t\t<\/div>\n\t\t\t\t<\/div>\n\t\t<div class=\"elementor-element elementor-element-216a205 e-flex e-con-boxed e-con e-parent\" data-id=\"216a205\" data-element_type=\"container\" data-e-type=\"container\">\n\t\t\t\t\t<div class=\"e-con-inner\">\n\t\t\t\t<div class=\"elementor-element elementor-element-1dfc9f6 elementor-widget elementor-widget-text-editor\" data-id=\"1dfc9f6\" data-element_type=\"widget\" data-e-type=\"widget\" data-widget_type=\"text-editor.default\">\n\t\t\t\t<div class=\"elementor-widget-container\">\n\t\t\t\t\t\t\t\t\t<div class=\"elementor-element elementor-element-214ff656 elementor-widget__width-inherit elementor-widget elementor-widget-heading\" data-id=\"214ff656\" data-element_type=\"widget\" data-widget_type=\"heading.default\"><div class=\"elementor-widget-container\"><h3 class=\"elementor-heading-title elementor-size-default\">PUBLISHER AND CONTENT<\/h3><p>\u00a0<\/p><\/div><\/div><div class=\"elementor-element elementor-element-5e64cad2 elementor-widget elementor-widget-text-editor\" data-id=\"5e64cad2\" data-element_type=\"widget\" data-widget_type=\"text-editor.default\"><div class=\"elementor-widget-container\"><p>Location:<\/p><p>Schmid Geb\u00e4udetechnik GmbH<br \/>Rosenstrasse 19<br \/>8966 Oberwil-Lieli<\/p><p>+41 56 \/ 631 30 01<br \/><a href=\"mailto:info@gebaeudetechnik-schmid.ch\" rel=\"alternate\"><span id=\"cloakcda4a7a45b998f80f3de9c8043622306\"><span class=\"cloaked_email\">info@gebaeudetechnik-schmid.ch<\/span><\/span><\/a><\/p><\/div><\/div><div class=\"elementor-element elementor-element-893da56 elementor-widget__width-inherit elementor-widget elementor-widget-text-editor\" data-id=\"893da56\" data-element_type=\"widget\" data-widget_type=\"text-editor.default\"><div class=\"elementor-widget-container\"><p>Schmid Geb\u00e4udetechnik GmbH, CHE-249.111.274, limited liability company<\/p><\/div><\/div><div class=\"elementor-element elementor-element-35a3c83 elementor-widget__width-inherit elementor-widget elementor-widget-heading\" data-id=\"35a3c83\" data-element_type=\"widget\" data-widget_type=\"heading.default\"><div class=\"elementor-widget-container\"><h4>\u00a0<\/h4><h4 class=\"elementor-heading-title elementor-size-default\">HYPERLINKS<\/h4><p>\u00a0<\/p><\/div><\/div><div class=\"elementor-element elementor-element-b65beb3 elementor-widget__width-inherit elementor-widget elementor-widget-text-editor\" data-id=\"b65beb3\" data-element_type=\"widget\" data-widget_type=\"text-editor.default\"><div class=\"elementor-widget-container\"><p>In the case of direct or indirect links to external websites that lie outside the author's area of responsibility, liability would only arise if the author was aware of the content and it was technically possible and reasonable for him to prevent use in the event of illegal content. The author therefore expressly declares that the linked pages were free of illegal content at the time the links were created. The author has no influence whatsoever on the current and future design of the content of linked pages.<\/p><\/div><\/div><div class=\"elementor-element elementor-element-b06e81e elementor-widget__width-inherit elementor-widget elementor-widget-heading\" data-id=\"b06e81e\" data-element_type=\"widget\" data-widget_type=\"heading.default\"><div class=\"elementor-widget-container\"><h4>\u00a0<\/h4><h4 class=\"elementor-heading-title elementor-size-default\">COPYRIGHT<\/h4><p>\u00a0<\/p><\/div><\/div><div class=\"elementor-element elementor-element-6c6cf04 elementor-widget__width-inherit elementor-widget elementor-widget-text-editor\" data-id=\"6c6cf04\" data-element_type=\"widget\" data-widget_type=\"text-editor.default\"><div class=\"elementor-widget-container\"><p>The entire content of the website is protected by copyright. The complete or partial reproduction, transmission, modification, linking or use of the website for public or commercial purposes is prohibited without the prior written consent of Schmid Geb\u00e4udetechnik GmbH.<\/p><\/div><\/div><div class=\"elementor-element elementor-element-a5294a3 elementor-widget__width-inherit elementor-widget elementor-widget-heading\" data-id=\"a5294a3\" data-element_type=\"widget\" data-widget_type=\"heading.default\"><div class=\"elementor-widget-container\"><h4>\u00a0<\/h4><h4 class=\"elementor-heading-title elementor-size-default\">DISCLAIMER<\/h4><\/div><\/div><div class=\"elementor-element elementor-element-990898d elementor-widget__width-inherit elementor-widget elementor-widget-text-editor\" data-id=\"990898d\" data-element_type=\"widget\" data-widget_type=\"text-editor.default\"><div class=\"elementor-widget-container\"><p>\u00a0<\/p><p>Liability claims against the author relating to material or non-material damage caused by the use or non-use of the information provided or by the use of incorrect or incomplete information are fundamentally excluded, unless there is evidence of wilful intent or gross negligence on the part of the author. All offers are subject to change and non-binding. The author expressly reserves the right to change, supplement or delete parts of the pages or the entire offer without prior notice or to cease publication temporarily or permanently.<\/p><\/div><\/div>\t\t\t\t\t\t\t\t<\/div>\n\t\t\t\t<\/div>\n\t\t\t\t\t<\/div>\n\t\t\t\t<\/div>\n\t\t\t\t<\/div>","protected":false},"excerpt":{"rendered":"<p>Impressum Home Impressum HERAUSGEBER UND INHALT \u00a0 Standort: Schmid Geb\u00e4udetechnik GmbHRosenstrasse 198966 Oberwil-Lieli +41 56 \/ 631 30 01info@gebaeudetechnik-schmid.ch Schmid Geb\u00e4udetechnik GmbH, CHE-249.111.274, Gesellschaft mit beschr\u00e4nkter Haftung \u00a0 HYPERLINKS \u00a0 Bei direkten oder indirekten Verweisen auf fremde Internetseiten die ausserhalb des Verantwortungs- bereiches des Autors liegen, w\u00fcrde eine Haftungsverpflichtung ausschliesslich in dem Fall in Kraft [&hellip;]<\/p>\n","protected":false},"author":4,"featured_media":1269,"parent":0,"menu_order":0,"comment_status":"closed","ping_status":"closed","template":"","meta":{"footnotes":""},"class_list":["post-1313","page","type-page","status-publish","has-post-thumbnail","hentry"],"yoast_head":"<!-- This site is optimized with the Yoast SEO plugin v27.4 - https:\/\/yoast.com\/product\/yoast-seo-wordpress\/ -->\n<title>Geb\u00e4udetechnik Schmid | Impressum | Kontakt &amp; Rechtliches<\/title>\n<meta name=\"description\" content=\"Alle wichtigen Kontaktinformationen &amp; rechtlichen Hinweise zu Antex Sch\u00e4dlingsbek\u00e4mpfung auf einen Blick. Impressum\" \/>\n<meta name=\"robots\" content=\"index, follow, max-snippet:-1, max-image-preview:large, max-video-preview:-1\" \/>\n<link rel=\"canonical\" href=\"https:\/\/www.gebaeudetechnik-schmid.ch\/en\/impressum\/\" \/>\n<meta property=\"og:locale\" content=\"en_GB\" \/>\n<meta property=\"og:type\" content=\"article\" \/>\n<meta property=\"og:title\" content=\"Geb\u00e4udetechnik Schmid | Impressum | Kontakt &amp; Rechtliches\" \/>\n<meta property=\"og:description\" content=\"Alle wichtigen Kontaktinformationen &amp; rechtlichen Hinweise zu Antex Sch\u00e4dlingsbek\u00e4mpfung auf einen Blick. Impressum\" \/>\n<meta property=\"og:url\" content=\"https:\/\/www.gebaeudetechnik-schmid.ch\/en\/impressum\/\" \/>\n<meta property=\"og:site_name\" content=\"Geb\u00e4udetechnik Schmid\" \/>\n<meta property=\"article:publisher\" content=\"https:\/\/www.facebook.com\/profile.php?id=100090130176016\" \/>\n<meta property=\"article:modified_time\" content=\"2024-05-09T18:43:25+00:00\" \/>\n<meta property=\"og:image\" content=\"https:\/\/www.gebaeudetechnik-schmid.ch\/wp-content\/uploads\/2024\/03\/Favicon.jpg\" \/>\n\t<meta property=\"og:image:width\" content=\"512\" \/>\n\t<meta property=\"og:image:height\" content=\"512\" \/>\n\t<meta property=\"og:image:type\" content=\"image\/jpeg\" \/>\n<meta name=\"twitter:card\" content=\"summary_large_image\" \/>\n<meta name=\"twitter:label1\" content=\"Estimated reading time\" \/>\n\t<meta name=\"twitter:data1\" content=\"2 minutes\" \/>\n<script type=\"application\/ld+json\" class=\"yoast-schema-graph\">{\"@context\":\"https:\\\/\\\/schema.org\",\"@graph\":[{\"@type\":\"WebPage\",\"@id\":\"https:\\\/\\\/www.gebaeudetechnik-schmid.ch\\\/impressum\\\/\",\"url\":\"https:\\\/\\\/www.gebaeudetechnik-schmid.ch\\\/impressum\\\/\",\"name\":\"Geb\u00e4udetechnik Schmid | Impressum | Kontakt & Rechtliches\",\"isPartOf\":{\"@id\":\"https:\\\/\\\/www.gebaeudetechnik-schmid.ch\\\/#website\"},\"primaryImageOfPage\":{\"@id\":\"https:\\\/\\\/www.gebaeudetechnik-schmid.ch\\\/impressum\\\/#primaryimage\"},\"image\":{\"@id\":\"https:\\\/\\\/www.gebaeudetechnik-schmid.ch\\\/impressum\\\/#primaryimage\"},\"thumbnailUrl\":\"https:\\\/\\\/www.gebaeudetechnik-schmid.ch\\\/wp-content\\\/uploads\\\/2024\\\/03\\\/Favicon.jpg\",\"datePublished\":\"2024-03-14T17:31:23+00:00\",\"dateModified\":\"2024-05-09T18:43:25+00:00\",\"description\":\"Alle wichtigen Kontaktinformationen & rechtlichen Hinweise zu Antex Sch\u00e4dlingsbek\u00e4mpfung auf einen Blick. Impressum\",\"breadcrumb\":{\"@id\":\"https:\\\/\\\/www.gebaeudetechnik-schmid.ch\\\/impressum\\\/#breadcrumb\"},\"inLanguage\":\"en-GB\",\"potentialAction\":[{\"@type\":\"ReadAction\",\"target\":[\"https:\\\/\\\/www.gebaeudetechnik-schmid.ch\\\/impressum\\\/\"]}]},{\"@type\":\"ImageObject\",\"inLanguage\":\"en-GB\",\"@id\":\"https:\\\/\\\/www.gebaeudetechnik-schmid.ch\\\/impressum\\\/#primaryimage\",\"url\":\"https:\\\/\\\/www.gebaeudetechnik-schmid.ch\\\/wp-content\\\/uploads\\\/2024\\\/03\\\/Favicon.jpg\",\"contentUrl\":\"https:\\\/\\\/www.gebaeudetechnik-schmid.ch\\\/wp-content\\\/uploads\\\/2024\\\/03\\\/Favicon.jpg\",\"width\":512,\"height\":512,\"caption\":\"Hochwertige L\u00fcftungs- und Klimal\u00f6sungen f\u00fcr Ihr Zuhause und Ihr Unternehmen. Kostenlose Beratung\"},{\"@type\":\"BreadcrumbList\",\"@id\":\"https:\\\/\\\/www.gebaeudetechnik-schmid.ch\\\/impressum\\\/#breadcrumb\",\"itemListElement\":[{\"@type\":\"ListItem\",\"position\":1,\"name\":\"Startseite\",\"item\":\"https:\\\/\\\/www.gebaeudetechnik-schmid.ch\\\/\"},{\"@type\":\"ListItem\",\"position\":2,\"name\":\"Impressum\"}]},{\"@type\":\"WebSite\",\"@id\":\"https:\\\/\\\/www.gebaeudetechnik-schmid.ch\\\/#website\",\"url\":\"https:\\\/\\\/www.gebaeudetechnik-schmid.ch\\\/\",\"name\":\"Geb\u00e4udetechnik Schmid\",\"description\":\"Brandschutz, L\u00fcftung, Klima, Isolation, Heizung und Sanit\u00e4r\",\"publisher\":{\"@id\":\"https:\\\/\\\/www.gebaeudetechnik-schmid.ch\\\/#organization\"},\"potentialAction\":[{\"@type\":\"SearchAction\",\"target\":{\"@type\":\"EntryPoint\",\"urlTemplate\":\"https:\\\/\\\/www.gebaeudetechnik-schmid.ch\\\/?s={search_term_string}\"},\"query-input\":{\"@type\":\"PropertyValueSpecification\",\"valueRequired\":true,\"valueName\":\"search_term_string\"}}],\"inLanguage\":\"en-GB\"},{\"@type\":\"Organization\",\"@id\":\"https:\\\/\\\/www.gebaeudetechnik-schmid.ch\\\/#organization\",\"name\":\"Geb\u00e4udetechnik Schmid\",\"url\":\"https:\\\/\\\/www.gebaeudetechnik-schmid.ch\\\/\",\"logo\":{\"@type\":\"ImageObject\",\"inLanguage\":\"en-GB\",\"@id\":\"https:\\\/\\\/www.gebaeudetechnik-schmid.ch\\\/#\\\/schema\\\/logo\\\/image\\\/\",\"url\":\"https:\\\/\\\/www.gebaeudetechnik-schmid.ch\\\/wp-content\\\/uploads\\\/2024\\\/08\\\/Gebaeudetechnik-Schmid.png\",\"contentUrl\":\"https:\\\/\\\/www.gebaeudetechnik-schmid.ch\\\/wp-content\\\/uploads\\\/2024\\\/08\\\/Gebaeudetechnik-Schmid.png\",\"width\":583,\"height\":200,\"caption\":\"Geb\u00e4udetechnik Schmid\"},\"image\":{\"@id\":\"https:\\\/\\\/www.gebaeudetechnik-schmid.ch\\\/#\\\/schema\\\/logo\\\/image\\\/\"},\"sameAs\":[\"https:\\\/\\\/www.facebook.com\\\/profile.php?id=100090130176016\",\"https:\\\/\\\/www.linkedin.com\\\/in\\\/romano-schmid-1048bb1a6\\\/?originalSubdomain=ch\"]}]}<\/script>\n<!-- \/ Yoast SEO plugin. -->","yoast_head_json":{"title":"Geb\u00e4udetechnik Schmid | Impressum | Kontakt & Rechtliches","description":"Alle wichtigen Kontaktinformationen & rechtlichen Hinweise zu Antex Sch\u00e4dlingsbek\u00e4mpfung auf einen Blick. Impressum","robots":{"index":"index","follow":"follow","max-snippet":"max-snippet:-1","max-image-preview":"max-image-preview:large","max-video-preview":"max-video-preview:-1"},"canonical":"https:\/\/www.gebaeudetechnik-schmid.ch\/en\/impressum\/","og_locale":"en_GB","og_type":"article","og_title":"Geb\u00e4udetechnik Schmid | Impressum | Kontakt & Rechtliches","og_description":"Alle wichtigen Kontaktinformationen & rechtlichen Hinweise zu Antex Sch\u00e4dlingsbek\u00e4mpfung auf einen Blick. Impressum","og_url":"https:\/\/www.gebaeudetechnik-schmid.ch\/en\/impressum\/","og_site_name":"Geb\u00e4udetechnik Schmid","article_publisher":"https:\/\/www.facebook.com\/profile.php?id=100090130176016","article_modified_time":"2024-05-09T18:43:25+00:00","og_image":[{"width":512,"height":512,"url":"https:\/\/www.gebaeudetechnik-schmid.ch\/wp-content\/uploads\/2024\/03\/Favicon.jpg","type":"image\/jpeg"}],"twitter_card":"summary_large_image","twitter_misc":{"Estimated reading time":"2 minutes"},"schema":{"@context":"https:\/\/schema.org","@graph":[{"@type":"WebPage","@id":"https:\/\/www.gebaeudetechnik-schmid.ch\/impressum\/","url":"https:\/\/www.gebaeudetechnik-schmid.ch\/impressum\/","name":"Geb\u00e4udetechnik Schmid | Impressum | Kontakt & Rechtliches","isPartOf":{"@id":"https:\/\/www.gebaeudetechnik-schmid.ch\/#website"},"primaryImageOfPage":{"@id":"https:\/\/www.gebaeudetechnik-schmid.ch\/impressum\/#primaryimage"},"image":{"@id":"https:\/\/www.gebaeudetechnik-schmid.ch\/impressum\/#primaryimage"},"thumbnailUrl":"https:\/\/www.gebaeudetechnik-schmid.ch\/wp-content\/uploads\/2024\/03\/Favicon.jpg","datePublished":"2024-03-14T17:31:23+00:00","dateModified":"2024-05-09T18:43:25+00:00","description":"Alle wichtigen Kontaktinformationen & rechtlichen Hinweise zu Antex Sch\u00e4dlingsbek\u00e4mpfung auf einen Blick. Impressum","breadcrumb":{"@id":"https:\/\/www.gebaeudetechnik-schmid.ch\/impressum\/#breadcrumb"},"inLanguage":"en-GB","potentialAction":[{"@type":"ReadAction","target":["https:\/\/www.gebaeudetechnik-schmid.ch\/impressum\/"]}]},{"@type":"ImageObject","inLanguage":"en-GB","@id":"https:\/\/www.gebaeudetechnik-schmid.ch\/impressum\/#primaryimage","url":"https:\/\/www.gebaeudetechnik-schmid.ch\/wp-content\/uploads\/2024\/03\/Favicon.jpg","contentUrl":"https:\/\/www.gebaeudetechnik-schmid.ch\/wp-content\/uploads\/2024\/03\/Favicon.jpg","width":512,"height":512,"caption":"Hochwertige L\u00fcftungs- und Klimal\u00f6sungen f\u00fcr Ihr Zuhause und Ihr Unternehmen. Kostenlose Beratung"},{"@type":"BreadcrumbList","@id":"https:\/\/www.gebaeudetechnik-schmid.ch\/impressum\/#breadcrumb","itemListElement":[{"@type":"ListItem","position":1,"name":"Startseite","item":"https:\/\/www.gebaeudetechnik-schmid.ch\/"},{"@type":"ListItem","position":2,"name":"Impressum"}]},{"@type":"WebSite","@id":"https:\/\/www.gebaeudetechnik-schmid.ch\/#website","url":"https:\/\/www.gebaeudetechnik-schmid.ch\/","name":"Geb\u00e4udetechnik Schmid","description":"Brandschutz, L\u00fcftung, Klima, Isolation, Heizung und Sanit\u00e4r","publisher":{"@id":"https:\/\/www.gebaeudetechnik-schmid.ch\/#organization"},"potentialAction":[{"@type":"SearchAction","target":{"@type":"EntryPoint","urlTemplate":"https:\/\/www.gebaeudetechnik-schmid.ch\/?s={search_term_string}"},"query-input":{"@type":"PropertyValueSpecification","valueRequired":true,"valueName":"search_term_string"}}],"inLanguage":"en-GB"},{"@type":"Organization","@id":"https:\/\/www.gebaeudetechnik-schmid.ch\/#organization","name":"Geb\u00e4udetechnik Schmid","url":"https:\/\/www.gebaeudetechnik-schmid.ch\/","logo":{"@type":"ImageObject","inLanguage":"en-GB","@id":"https:\/\/www.gebaeudetechnik-schmid.ch\/#\/schema\/logo\/image\/","url":"https:\/\/www.gebaeudetechnik-schmid.ch\/wp-content\/uploads\/2024\/08\/Gebaeudetechnik-Schmid.png","contentUrl":"https:\/\/www.gebaeudetechnik-schmid.ch\/wp-content\/uploads\/2024\/08\/Gebaeudetechnik-Schmid.png","width":583,"height":200,"caption":"Geb\u00e4udetechnik Schmid"},"image":{"@id":"https:\/\/www.gebaeudetechnik-schmid.ch\/#\/schema\/logo\/image\/"},"sameAs":["https:\/\/www.facebook.com\/profile.php?id=100090130176016","https:\/\/www.linkedin.com\/in\/romano-schmid-1048bb1a6\/?originalSubdomain=ch"]}]}},"_links":{"self":[{"href":"https:\/\/www.gebaeudetechnik-schmid.ch\/en\/wp-json\/wp\/v2\/pages\/1313","targetHints":{"allow":["GET"]}}],"collection":[{"href":"https:\/\/www.gebaeudetechnik-schmid.ch\/en\/wp-json\/wp\/v2\/pages"}],"about":[{"href":"https:\/\/www.gebaeudetechnik-schmid.ch\/en\/wp-json\/wp\/v2\/types\/page"}],"author":[{"embeddable":true,"href":"https:\/\/www.gebaeudetechnik-schmid.ch\/en\/wp-json\/wp\/v2\/users\/4"}],"replies":[{"embeddable":true,"href":"https:\/\/www.gebaeudetechnik-schmid.ch\/en\/wp-json\/wp\/v2\/comments?post=1313"}],"version-history":[{"count":12,"href":"https:\/\/www.gebaeudetechnik-schmid.ch\/en\/wp-json\/wp\/v2\/pages\/1313\/revisions"}],"predecessor-version":[{"id":1912,"href":"https:\/\/www.gebaeudetechnik-schmid.ch\/en\/wp-json\/wp\/v2\/pages\/1313\/revisions\/1912"}],"wp:featuredmedia":[{"embeddable":true,"href":"https:\/\/www.gebaeudetechnik-schmid.ch\/en\/wp-json\/wp\/v2\/media\/1269"}],"wp:attachment":[{"href":"https:\/\/www.gebaeudetechnik-schmid.ch\/en\/wp-json\/wp\/v2\/media?parent=1313"}],"curies":[{"name":"wp","href":"https:\/\/api.w.org\/{rel}","templated":true}]}}