{"id":2922,"date":"2025-06-08T15:14:24","date_gmt":"2025-06-08T13:14:24","guid":{"rendered":"https:\/\/www.gebaeudetechnik-schmid.ch\/?page_id=2922"},"modified":"2025-06-24T13:58:05","modified_gmt":"2025-06-24T11:58:05","slug":"agb","status":"publish","type":"page","link":"https:\/\/www.gebaeudetechnik-schmid.ch\/en\/agb\/","title":{"rendered":"AGB"},"content":{"rendered":"<div data-elementor-type=\"wp-page\" data-elementor-id=\"2922\" class=\"elementor elementor-2922\" data-elementor-post-type=\"page\">\n\t\t\t\t<div class=\"elementor-element elementor-element-772a663 e-flex e-con-boxed e-con e-parent\" data-id=\"772a663\" data-element_type=\"container\" data-e-type=\"container\" data-settings=\"{&quot;background_background&quot;:&quot;classic&quot;}\">\n\t\t\t\t\t<div class=\"e-con-inner\">\n\t\t<div class=\"elementor-element elementor-element-4da4d109 e-con-full e-flex e-con e-child\" data-id=\"4da4d109\" data-element_type=\"container\" data-e-type=\"container\" data-settings=\"{&quot;background_background&quot;:&quot;classic&quot;}\">\n\t\t\t\t<div class=\"elementor-element elementor-element-189e12a3 elementor-invisible elementor-widget elementor-widget-heading\" data-id=\"189e12a3\" data-element_type=\"widget\" data-e-type=\"widget\" data-settings=\"{&quot;_animation&quot;:&quot;fadeInDown&quot;}\" data-widget_type=\"heading.default\">\n\t\t\t\t<div class=\"elementor-widget-container\">\n\t\t\t\t\t<h1 class=\"elementor-heading-title elementor-size-default\">General Terms and Conditions of Schmid Geb\u00e4udetechnik GmbH<\/h1>\t\t\t\t<\/div>\n\t\t\t\t<\/div>\n\t\t\t\t<div class=\"elementor-element elementor-element-33e09438 elementor-widget-divider--view-line elementor-invisible elementor-widget elementor-widget-divider\" data-id=\"33e09438\" data-element_type=\"widget\" data-e-type=\"widget\" data-settings=\"{&quot;_animation&quot;:&quot;fadeInDown&quot;}\" data-widget_type=\"divider.default\">\n\t\t\t\t<div class=\"elementor-widget-container\">\n\t\t\t\t\t\t\t<div class=\"elementor-divider\">\n\t\t\t<span class=\"elementor-divider-separator\">\n\t\t\t\t\t\t<\/span>\n\t\t<\/div>\n\t\t\t\t\t\t<\/div>\n\t\t\t\t<\/div>\n\t\t\t\t<div class=\"elementor-element elementor-element-162c6fb elementor-icon-list--layout-inline elementor-list-item-link-full_width elementor-widget elementor-widget-icon-list\" data-id=\"162c6fb\" data-element_type=\"widget\" data-e-type=\"widget\" data-widget_type=\"icon-list.default\">\n\t\t\t\t<div class=\"elementor-widget-container\">\n\t\t\t\t\t\t\t<ul class=\"elementor-icon-list-items elementor-inline-items\">\n\t\t\t\t\t\t\t<li class=\"elementor-icon-list-item elementor-inline-item\">\n\t\t\t\t\t\t\t\t\t\t\t<a href=\"https:\/\/www.gebaeudetechnik-schmid.ch\/\">\n\n\t\t\t\t\t\t\t\t\t\t\t<span class=\"elementor-icon-list-text\">Home<\/span>\n\t\t\t\t\t\t\t\t\t\t\t<\/a>\n\t\t\t\t\t\t\t\t\t<\/li>\n\t\t\t\t\t\t\t\t<li class=\"elementor-icon-list-item elementor-inline-item\">\n\t\t\t\t\t\t\t\t\t\t\t<a href=\"https:\/\/www.gebaeudetechnik-schmid.ch\/datenschutz\/\">\n\n\t\t\t\t\t\t\t\t\t\t\t\t<span class=\"elementor-icon-list-icon\">\n\t\t\t\t\t\t\t<svg aria-hidden=\"true\" class=\"e-font-icon-svg e-fas-chevron-right\" viewbox=\"0 0 320 512\" xmlns=\"http:\/\/www.w3.org\/2000\/svg\"><path d=\"M285.476 272.971L91.132 467.314c-9.373 9.373-24.569 9.373-33.941 0l-22.667-22.667c-9.357-9.357-9.375-24.522-.04-33.901L188.505 256 34.484 101.255c-9.335-9.379-9.317-24.544.04-33.901l22.667-22.667c9.373-9.373 24.569-9.373 33.941 0L285.475 239.03c9.373 9.372 9.373 24.568.001 33.941z\"><\/path><\/svg>\t\t\t\t\t\t<\/span>\n\t\t\t\t\t\t\t\t\t\t<span class=\"elementor-icon-list-text\">AGB<\/span>\n\t\t\t\t\t\t\t\t\t\t\t<\/a>\n\t\t\t\t\t\t\t\t\t<\/li>\n\t\t\t\t\t\t<\/ul>\n\t\t\t\t\t\t<\/div>\n\t\t\t\t<\/div>\n\t\t\t\t<\/div>\n\t\t\t\t\t<\/div>\n\t\t\t\t<\/div>\n\t\t<div class=\"elementor-element elementor-element-216a205 e-flex e-con-boxed e-con e-parent\" data-id=\"216a205\" data-element_type=\"container\" data-e-type=\"container\">\n\t\t\t\t\t<div class=\"e-con-inner\">\n\t\t\t\t<div class=\"elementor-element elementor-element-1dfc9f6 elementor-widget elementor-widget-text-editor\" data-id=\"1dfc9f6\" data-element_type=\"widget\" data-e-type=\"widget\" data-widget_type=\"text-editor.default\">\n\t\t\t\t<div class=\"elementor-widget-container\">\n\t\t\t\t\t\t\t\t\t<h5><strong>General Terms and Conditions of Schmid Geb\u00e4udetechnik GmbH<\/strong><\/h5><p><strong>1. scope of application<\/strong><br \/>These General Terms and Conditions (GTC) govern the conclusion of contracts, the content and processing of agreements on the planning and installation of air conditioning and ventilation systems by Schmid Geb\u00e4udetechnik GmbH and its subsidiaries using these GTC. Deviating terms and conditions shall only be valid if Schmid Geb\u00e4udetechnik GmbH has expressly agreed to them in writing.<\/p><p><strong>2. offer<\/strong><br \/>Written offers are valid for three months from the date of issue. Additional requirements that are not included in the offer or are only added after the contract has been concluded must be agreed separately.<\/p><p><strong>3. scope of services<\/strong><br \/>The scope and execution of our services are based on the quotation, the order confirmation or the contract for work. Services outside these documents, as well as necessary on-site preparations, equipment, work and measures required for the execution of the order by Schmid Geb\u00e4udetechnik GmbH, are not included. Additional services that are ordered verbally by the customer and are not included in the quotation shall be invoiced at cost rates. The same shall apply to unforeseen properties, technical or other circumstances that were not recognisable when Schmid Geb\u00e4udetechnik GmbH prepared the quotation or were concealed by the customer and require additional services. Schmid Geb\u00e4udetechnik GmbH accepts no liability for delays caused, for example, by third parties or suppliers.<\/p><p><strong>4. prices<\/strong><br \/>The prices of Schmid Geb\u00e4udetechnik GmbH are net prices in Swiss Francs (CHF) and do not include the applicable value added tax (VAT). Additional services resulting from inadequate or incorrect information in the documents provided by the customer will be charged to Schmid Geb\u00e4udetechnik GmbH by the customer at cost. Our services are invoiced in units of 15 minutes. Each quarter of an hour or part thereof shall be invoiced as a full unit. In the event of late payment after the deadline, we reserve the right to charge a reminder fee of CHF 20 per reminder.<\/p><p><strong>5. delivery times \/ deliveries<\/strong><br \/>The delivery times stated for products and materials are non-binding guidelines. The manufacturer's specifications, which may change at short notice, are authoritative. Products and materials are dispatched at the customer's risk.<\/p><p><strong>6. conclusion of contract<\/strong><br \/>Contracts can be concluded verbally or in writing. Contracts concluded verbally will always be confirmed in writing (e.g. by letter or e-mail).<\/p><p><strong>7. term<\/strong><br \/>Schmid Geb\u00e4udetechnik GmbH is obliged to meet the deadlines agreed in accordance with the signed contract or quotation. Agreed deadlines shall apply subject to force majeure, official measures, unforeseeable structural conditions, environmental events and delays caused by dependencies on third parties or suppliers. As soon as Schmid Geb\u00e4udetechnik GmbH becomes aware of delays, the customer shall be informed of these immediately in writing.<\/p><p><strong>8. maintenance intervals<\/strong><br \/>Unless otherwise agreed, annual maintenance must be carried out. Failure to comply with the maintenance intervals will invalidate any warranty claims.<\/p><p><strong>9. terms of payment<\/strong><br \/>The payment deadline for installations, deliveries or annual maintenance work is 30 days net after invoicing. In the case of larger or longer-term orders, corresponding instalments shall be invoiced. The customer shall not be entitled to withhold or reduce payments due to complaints, claims or counterclaims not recognised by Schmid Geb\u00e4udetechnik GmbH. The system shall be deemed completed as soon as it has been fully assembled and put into operation. This shall also apply if minor finalisation or completion work can only be carried out at a later date. If commissioning and handover cannot take place for reasons for which Schmid Geb\u00e4udetechnik GmbH is not responsible, the final amount may be invoiced within 30 days of completion.<\/p><p><strong>10. acceptance<\/strong><br \/>The client must inspect deliveries and services within a reasonable period of time and report any defects immediately in writing. If the client fails to do so, the deliveries and services shall be deemed to have been accepted and approved. Defects that were not recognisable on careful inspection must be reported in writing immediately after their discovery.<\/p><p><strong>11. warranty<\/strong><br \/>Schmid Geb\u00e4udetechnik GmbH shall grant a warranty of two years from acceptance of the complete contractually owed service, unless expressly agreed otherwise in writing. The period begins on the day after commissioning with the customer. If no acceptance report is available, the commissioning by Schmid Geb\u00e4udetechnik GmbH or the submission of the final invoice shall also be deemed acceptance. For deliveries of materials or equipment, the warranty shall apply in accordance with the manufacturer's provisions.<\/p><p>If there is a defect, Schmid Geb\u00e4udetechnik GmbH undertakes to remedy it within a reasonable period of time and at its own expense (rectification). If the work proves to be defective or unusable during the warranty period and if this is demonstrably due to defective workmanship or defective material supplied by Schmid Geb\u00e4udetechnik GmbH, the defective parts shall be repaired or replaced by Schmid Geb\u00e4udetechnik GmbH within a reasonable period of time at its discretion. The prerequisite is that the defects are reported during the warranty period and immediately after discovery.<\/p><p><strong>12. liability<\/strong><br \/>Schmid Geb\u00e4udetechnik GmbH shall only be liable for damage to property and personal injury caused by intent or gross negligence. Liability is otherwise excluded. No liability is accepted for consequential damage resulting from the use of the products. This applies in particular to property damage, financial loss and damage caused by delay, irrespective of the legal grounds, as well as to indirect or consequential damage, loss of profit, loss of earnings and unrealised savings.<\/p><p>Furthermore, the liability of Schmid Geb\u00e4udetechnik GmbH for any fault of auxiliary persons is expressly excluded. Finally, Schmid Geb\u00e4udetechnik GmbH shall also not be liable for any kind of consequential damage (in particular natural disasters such as fire and environmental damage that do not directly affect the subject matter of the contract).<\/p><p><strong>13. obligations of the client to co-operate<\/strong><br \/>The customer shall inform Schmid Geb\u00e4udetechnik GmbH about existing system documentation and make it available. In addition, the customer shall authorise the employees of Schmid Geb\u00e4udetechnik GmbH unrestricted access to the systems.<\/p><p><strong>14. reservation of title<\/strong><br \/>Ownership of products and materials shall not pass to the client until the price agreed in the contract has been paid in full. The transfer or passing on to third parties without authorisation is prohibited. Schmid Geb\u00e4udetechnik GmbH is authorised to have the retention of title entered in the retention of title register at the customer's registered office.<\/p><p><strong>15. data protection and confidentiality<\/strong><br \/>Schmid Geb\u00e4udetechnik GmbH undertakes to comply with the provisions of data protection and to process customer data carefully. Unless otherwise contractually agreed, the company is authorised to use the customer as a reference for potential customers.<\/p><p><strong>16. place of jurisdiction and applicable law<\/strong><br \/>The legal relationship is subject to Swiss law. The registered office of Schmid Geb\u00e4udetechnik GmbH shall be the place of fulfilment and jurisdiction for all obligations arising from concluded contracts.<\/p>\t\t\t\t\t\t\t\t<\/div>\n\t\t\t\t<\/div>\n\t\t\t\t\t<\/div>\n\t\t\t\t<\/div>\n\t\t\t\t<\/div>","protected":false},"excerpt":{"rendered":"<p>Allgemeine Gesch\u00e4ftsbedingungen der Schmid Geb\u00e4udetechnik GmbH Home AGB Allgemeine Gesch\u00e4ftsbedingungen der Schmid Geb\u00e4udetechnik GmbH 1. GeltungsbereichDiese Allgemeinen Gesch\u00e4ftsbedingungen (AGB) regeln den Vertragsabschluss, den Inhalt und die Abwicklung von Vereinbarungen \u00fcber die Planung und Installation von Klima- und L\u00fcftungsanlagen durch die Schmid Geb\u00e4udetechnik GmbH und deren Tochtergesellschaften, die diese AGB nutzen. Abweichende Bedingungen sind nur g\u00fcltig, [&hellip;]<\/p>\n","protected":false},"author":4,"featured_media":1269,"parent":0,"menu_order":0,"comment_status":"closed","ping_status":"closed","template":"","meta":{"footnotes":""},"class_list":["post-2922","page","type-page","status-publish","has-post-thumbnail","hentry"],"yoast_head":"<!-- This site is optimized with the Yoast SEO plugin v27.4 - https:\/\/yoast.com\/product\/yoast-seo-wordpress\/ -->\n<title>Datenschutz f\u00fcr Unternehmen: Mit Schmid Geb\u00e4udetechnik<\/title>\n<meta name=\"description\" content=\"Wir sch\u00fctzen Sie und Ihre Unternehmensdaten. Mit Privatsph\u00e4re und professionellem Datenschutz bei Schmid Geb\u00e4udetechnik\" \/>\n<meta name=\"robots\" content=\"index, follow, max-snippet:-1, max-image-preview:large, max-video-preview:-1\" \/>\n<link rel=\"canonical\" href=\"https:\/\/www.gebaeudetechnik-schmid.ch\/en\/agb\/\" \/>\n<meta property=\"og:locale\" content=\"en_GB\" \/>\n<meta property=\"og:type\" content=\"article\" \/>\n<meta property=\"og:title\" content=\"Datenschutz f\u00fcr Unternehmen: Mit Schmid Geb\u00e4udetechnik\" \/>\n<meta property=\"og:description\" content=\"Wir sch\u00fctzen Sie und Ihre Unternehmensdaten. Mit Privatsph\u00e4re und professionellem Datenschutz bei Schmid Geb\u00e4udetechnik\" \/>\n<meta property=\"og:url\" content=\"https:\/\/www.gebaeudetechnik-schmid.ch\/en\/agb\/\" \/>\n<meta property=\"og:site_name\" content=\"Geb\u00e4udetechnik Schmid\" \/>\n<meta property=\"article:publisher\" content=\"https:\/\/www.facebook.com\/profile.php?id=100090130176016\" \/>\n<meta property=\"article:modified_time\" content=\"2025-06-24T11:58:05+00:00\" \/>\n<meta property=\"og:image\" content=\"https:\/\/www.gebaeudetechnik-schmid.ch\/wp-content\/uploads\/2024\/03\/Favicon.jpg\" \/>\n\t<meta property=\"og:image:width\" content=\"512\" \/>\n\t<meta property=\"og:image:height\" content=\"512\" \/>\n\t<meta property=\"og:image:type\" content=\"image\/jpeg\" \/>\n<meta name=\"twitter:card\" content=\"summary_large_image\" \/>\n<meta name=\"twitter:label1\" content=\"Estimated reading time\" \/>\n\t<meta name=\"twitter:data1\" content=\"6 minutes\" \/>\n<script type=\"application\/ld+json\" class=\"yoast-schema-graph\">{\"@context\":\"https:\\\/\\\/schema.org\",\"@graph\":[{\"@type\":\"WebPage\",\"@id\":\"https:\\\/\\\/www.gebaeudetechnik-schmid.ch\\\/agb\\\/\",\"url\":\"https:\\\/\\\/www.gebaeudetechnik-schmid.ch\\\/agb\\\/\",\"name\":\"Datenschutz f\u00fcr Unternehmen: Mit Schmid Geb\u00e4udetechnik\",\"isPartOf\":{\"@id\":\"https:\\\/\\\/www.gebaeudetechnik-schmid.ch\\\/#website\"},\"primaryImageOfPage\":{\"@id\":\"https:\\\/\\\/www.gebaeudetechnik-schmid.ch\\\/agb\\\/#primaryimage\"},\"image\":{\"@id\":\"https:\\\/\\\/www.gebaeudetechnik-schmid.ch\\\/agb\\\/#primaryimage\"},\"thumbnailUrl\":\"https:\\\/\\\/www.gebaeudetechnik-schmid.ch\\\/wp-content\\\/uploads\\\/2024\\\/03\\\/Favicon.jpg\",\"datePublished\":\"2025-06-08T13:14:24+00:00\",\"dateModified\":\"2025-06-24T11:58:05+00:00\",\"description\":\"Wir sch\u00fctzen Sie und Ihre Unternehmensdaten. Mit Privatsph\u00e4re und professionellem Datenschutz bei Schmid Geb\u00e4udetechnik\",\"breadcrumb\":{\"@id\":\"https:\\\/\\\/www.gebaeudetechnik-schmid.ch\\\/agb\\\/#breadcrumb\"},\"inLanguage\":\"en-GB\",\"potentialAction\":[{\"@type\":\"ReadAction\",\"target\":[\"https:\\\/\\\/www.gebaeudetechnik-schmid.ch\\\/agb\\\/\"]}]},{\"@type\":\"ImageObject\",\"inLanguage\":\"en-GB\",\"@id\":\"https:\\\/\\\/www.gebaeudetechnik-schmid.ch\\\/agb\\\/#primaryimage\",\"url\":\"https:\\\/\\\/www.gebaeudetechnik-schmid.ch\\\/wp-content\\\/uploads\\\/2024\\\/03\\\/Favicon.jpg\",\"contentUrl\":\"https:\\\/\\\/www.gebaeudetechnik-schmid.ch\\\/wp-content\\\/uploads\\\/2024\\\/03\\\/Favicon.jpg\",\"width\":512,\"height\":512,\"caption\":\"Hochwertige L\u00fcftungs- und Klimal\u00f6sungen f\u00fcr Ihr Zuhause und Ihr Unternehmen. Kostenlose Beratung\"},{\"@type\":\"BreadcrumbList\",\"@id\":\"https:\\\/\\\/www.gebaeudetechnik-schmid.ch\\\/agb\\\/#breadcrumb\",\"itemListElement\":[{\"@type\":\"ListItem\",\"position\":1,\"name\":\"Startseite\",\"item\":\"https:\\\/\\\/www.gebaeudetechnik-schmid.ch\\\/\"},{\"@type\":\"ListItem\",\"position\":2,\"name\":\"AGB\"}]},{\"@type\":\"WebSite\",\"@id\":\"https:\\\/\\\/www.gebaeudetechnik-schmid.ch\\\/#website\",\"url\":\"https:\\\/\\\/www.gebaeudetechnik-schmid.ch\\\/\",\"name\":\"Geb\u00e4udetechnik Schmid\",\"description\":\"Brandschutz, L\u00fcftung, Klima, Isolation, Heizung und Sanit\u00e4r\",\"publisher\":{\"@id\":\"https:\\\/\\\/www.gebaeudetechnik-schmid.ch\\\/#organization\"},\"potentialAction\":[{\"@type\":\"SearchAction\",\"target\":{\"@type\":\"EntryPoint\",\"urlTemplate\":\"https:\\\/\\\/www.gebaeudetechnik-schmid.ch\\\/?s={search_term_string}\"},\"query-input\":{\"@type\":\"PropertyValueSpecification\",\"valueRequired\":true,\"valueName\":\"search_term_string\"}}],\"inLanguage\":\"en-GB\"},{\"@type\":\"Organization\",\"@id\":\"https:\\\/\\\/www.gebaeudetechnik-schmid.ch\\\/#organization\",\"name\":\"Geb\u00e4udetechnik Schmid\",\"url\":\"https:\\\/\\\/www.gebaeudetechnik-schmid.ch\\\/\",\"logo\":{\"@type\":\"ImageObject\",\"inLanguage\":\"en-GB\",\"@id\":\"https:\\\/\\\/www.gebaeudetechnik-schmid.ch\\\/#\\\/schema\\\/logo\\\/image\\\/\",\"url\":\"https:\\\/\\\/www.gebaeudetechnik-schmid.ch\\\/wp-content\\\/uploads\\\/2024\\\/08\\\/Gebaeudetechnik-Schmid.png\",\"contentUrl\":\"https:\\\/\\\/www.gebaeudetechnik-schmid.ch\\\/wp-content\\\/uploads\\\/2024\\\/08\\\/Gebaeudetechnik-Schmid.png\",\"width\":583,\"height\":200,\"caption\":\"Geb\u00e4udetechnik Schmid\"},\"image\":{\"@id\":\"https:\\\/\\\/www.gebaeudetechnik-schmid.ch\\\/#\\\/schema\\\/logo\\\/image\\\/\"},\"sameAs\":[\"https:\\\/\\\/www.facebook.com\\\/profile.php?id=100090130176016\",\"https:\\\/\\\/www.linkedin.com\\\/in\\\/romano-schmid-1048bb1a6\\\/?originalSubdomain=ch\"]}]}<\/script>\n<!-- \/ Yoast SEO plugin. -->","yoast_head_json":{"title":"Datenschutz f\u00fcr Unternehmen: Mit Schmid Geb\u00e4udetechnik","description":"Wir sch\u00fctzen Sie und Ihre Unternehmensdaten. Mit Privatsph\u00e4re und professionellem Datenschutz bei Schmid Geb\u00e4udetechnik","robots":{"index":"index","follow":"follow","max-snippet":"max-snippet:-1","max-image-preview":"max-image-preview:large","max-video-preview":"max-video-preview:-1"},"canonical":"https:\/\/www.gebaeudetechnik-schmid.ch\/en\/agb\/","og_locale":"en_GB","og_type":"article","og_title":"Datenschutz f\u00fcr Unternehmen: Mit Schmid Geb\u00e4udetechnik","og_description":"Wir sch\u00fctzen Sie und Ihre Unternehmensdaten. Mit Privatsph\u00e4re und professionellem Datenschutz bei Schmid Geb\u00e4udetechnik","og_url":"https:\/\/www.gebaeudetechnik-schmid.ch\/en\/agb\/","og_site_name":"Geb\u00e4udetechnik Schmid","article_publisher":"https:\/\/www.facebook.com\/profile.php?id=100090130176016","article_modified_time":"2025-06-24T11:58:05+00:00","og_image":[{"width":512,"height":512,"url":"https:\/\/www.gebaeudetechnik-schmid.ch\/wp-content\/uploads\/2024\/03\/Favicon.jpg","type":"image\/jpeg"}],"twitter_card":"summary_large_image","twitter_misc":{"Estimated reading time":"6 minutes"},"schema":{"@context":"https:\/\/schema.org","@graph":[{"@type":"WebPage","@id":"https:\/\/www.gebaeudetechnik-schmid.ch\/agb\/","url":"https:\/\/www.gebaeudetechnik-schmid.ch\/agb\/","name":"Datenschutz f\u00fcr Unternehmen: Mit Schmid Geb\u00e4udetechnik","isPartOf":{"@id":"https:\/\/www.gebaeudetechnik-schmid.ch\/#website"},"primaryImageOfPage":{"@id":"https:\/\/www.gebaeudetechnik-schmid.ch\/agb\/#primaryimage"},"image":{"@id":"https:\/\/www.gebaeudetechnik-schmid.ch\/agb\/#primaryimage"},"thumbnailUrl":"https:\/\/www.gebaeudetechnik-schmid.ch\/wp-content\/uploads\/2024\/03\/Favicon.jpg","datePublished":"2025-06-08T13:14:24+00:00","dateModified":"2025-06-24T11:58:05+00:00","description":"Wir sch\u00fctzen Sie und Ihre Unternehmensdaten. Mit Privatsph\u00e4re und professionellem Datenschutz bei Schmid Geb\u00e4udetechnik","breadcrumb":{"@id":"https:\/\/www.gebaeudetechnik-schmid.ch\/agb\/#breadcrumb"},"inLanguage":"en-GB","potentialAction":[{"@type":"ReadAction","target":["https:\/\/www.gebaeudetechnik-schmid.ch\/agb\/"]}]},{"@type":"ImageObject","inLanguage":"en-GB","@id":"https:\/\/www.gebaeudetechnik-schmid.ch\/agb\/#primaryimage","url":"https:\/\/www.gebaeudetechnik-schmid.ch\/wp-content\/uploads\/2024\/03\/Favicon.jpg","contentUrl":"https:\/\/www.gebaeudetechnik-schmid.ch\/wp-content\/uploads\/2024\/03\/Favicon.jpg","width":512,"height":512,"caption":"Hochwertige L\u00fcftungs- und Klimal\u00f6sungen f\u00fcr Ihr Zuhause und Ihr Unternehmen. Kostenlose Beratung"},{"@type":"BreadcrumbList","@id":"https:\/\/www.gebaeudetechnik-schmid.ch\/agb\/#breadcrumb","itemListElement":[{"@type":"ListItem","position":1,"name":"Startseite","item":"https:\/\/www.gebaeudetechnik-schmid.ch\/"},{"@type":"ListItem","position":2,"name":"AGB"}]},{"@type":"WebSite","@id":"https:\/\/www.gebaeudetechnik-schmid.ch\/#website","url":"https:\/\/www.gebaeudetechnik-schmid.ch\/","name":"Geb\u00e4udetechnik Schmid","description":"Brandschutz, L\u00fcftung, Klima, Isolation, Heizung und Sanit\u00e4r","publisher":{"@id":"https:\/\/www.gebaeudetechnik-schmid.ch\/#organization"},"potentialAction":[{"@type":"SearchAction","target":{"@type":"EntryPoint","urlTemplate":"https:\/\/www.gebaeudetechnik-schmid.ch\/?s={search_term_string}"},"query-input":{"@type":"PropertyValueSpecification","valueRequired":true,"valueName":"search_term_string"}}],"inLanguage":"en-GB"},{"@type":"Organization","@id":"https:\/\/www.gebaeudetechnik-schmid.ch\/#organization","name":"Geb\u00e4udetechnik Schmid","url":"https:\/\/www.gebaeudetechnik-schmid.ch\/","logo":{"@type":"ImageObject","inLanguage":"en-GB","@id":"https:\/\/www.gebaeudetechnik-schmid.ch\/#\/schema\/logo\/image\/","url":"https:\/\/www.gebaeudetechnik-schmid.ch\/wp-content\/uploads\/2024\/08\/Gebaeudetechnik-Schmid.png","contentUrl":"https:\/\/www.gebaeudetechnik-schmid.ch\/wp-content\/uploads\/2024\/08\/Gebaeudetechnik-Schmid.png","width":583,"height":200,"caption":"Geb\u00e4udetechnik Schmid"},"image":{"@id":"https:\/\/www.gebaeudetechnik-schmid.ch\/#\/schema\/logo\/image\/"},"sameAs":["https:\/\/www.facebook.com\/profile.php?id=100090130176016","https:\/\/www.linkedin.com\/in\/romano-schmid-1048bb1a6\/?originalSubdomain=ch"]}]}},"_links":{"self":[{"href":"https:\/\/www.gebaeudetechnik-schmid.ch\/en\/wp-json\/wp\/v2\/pages\/2922","targetHints":{"allow":["GET"]}}],"collection":[{"href":"https:\/\/www.gebaeudetechnik-schmid.ch\/en\/wp-json\/wp\/v2\/pages"}],"about":[{"href":"https:\/\/www.gebaeudetechnik-schmid.ch\/en\/wp-json\/wp\/v2\/types\/page"}],"author":[{"embeddable":true,"href":"https:\/\/www.gebaeudetechnik-schmid.ch\/en\/wp-json\/wp\/v2\/users\/4"}],"replies":[{"embeddable":true,"href":"https:\/\/www.gebaeudetechnik-schmid.ch\/en\/wp-json\/wp\/v2\/comments?post=2922"}],"version-history":[{"count":20,"href":"https:\/\/www.gebaeudetechnik-schmid.ch\/en\/wp-json\/wp\/v2\/pages\/2922\/revisions"}],"predecessor-version":[{"id":2998,"href":"https:\/\/www.gebaeudetechnik-schmid.ch\/en\/wp-json\/wp\/v2\/pages\/2922\/revisions\/2998"}],"wp:featuredmedia":[{"embeddable":true,"href":"https:\/\/www.gebaeudetechnik-schmid.ch\/en\/wp-json\/wp\/v2\/media\/1269"}],"wp:attachment":[{"href":"https:\/\/www.gebaeudetechnik-schmid.ch\/en\/wp-json\/wp\/v2\/media?parent=2922"}],"curies":[{"name":"wp","href":"https:\/\/api.w.org\/{rel}","templated":true}]}}