{"id":1329,"date":"2024-03-14T17:46:26","date_gmt":"2024-03-14T17:46:26","guid":{"rendered":"https:\/\/www.gebaeudetechnik-schmid.ch\/?page_id=1329"},"modified":"2024-05-09T18:29:33","modified_gmt":"2024-05-09T18:29:33","slug":"datenschutz","status":"publish","type":"page","link":"https:\/\/www.gebaeudetechnik-schmid.ch\/it\/datenschutz\/","title":{"rendered":"Protezione dei dati"},"content":{"rendered":"<div data-elementor-type=\"wp-page\" data-elementor-id=\"1329\" class=\"elementor elementor-1329\" data-elementor-post-type=\"page\">\n\t\t\t\t<div class=\"elementor-element elementor-element-772a663 e-flex e-con-boxed e-con e-parent\" data-id=\"772a663\" data-element_type=\"container\" data-e-type=\"container\" data-settings=\"{&quot;background_background&quot;:&quot;classic&quot;}\">\n\t\t\t\t\t<div class=\"e-con-inner\">\n\t\t<div class=\"elementor-element elementor-element-4da4d109 e-con-full e-flex e-con e-child\" data-id=\"4da4d109\" data-element_type=\"container\" data-e-type=\"container\" data-settings=\"{&quot;background_background&quot;:&quot;classic&quot;}\">\n\t\t\t\t<div class=\"elementor-element elementor-element-189e12a3 elementor-invisible elementor-widget elementor-widget-heading\" data-id=\"189e12a3\" data-element_type=\"widget\" data-e-type=\"widget\" data-settings=\"{&quot;_animation&quot;:&quot;fadeInDown&quot;}\" data-widget_type=\"heading.default\">\n\t\t\t\t<div class=\"elementor-widget-container\">\n\t\t\t\t\t<h1 class=\"elementor-heading-title elementor-size-default\">Protezione dei dati<\/h1>\t\t\t\t<\/div>\n\t\t\t\t<\/div>\n\t\t\t\t<div class=\"elementor-element elementor-element-33e09438 elementor-widget-divider--view-line elementor-invisible elementor-widget elementor-widget-divider\" data-id=\"33e09438\" data-element_type=\"widget\" data-e-type=\"widget\" data-settings=\"{&quot;_animation&quot;:&quot;fadeInDown&quot;}\" data-widget_type=\"divider.default\">\n\t\t\t\t<div class=\"elementor-widget-container\">\n\t\t\t\t\t\t\t<div class=\"elementor-divider\">\n\t\t\t<span class=\"elementor-divider-separator\">\n\t\t\t\t\t\t<\/span>\n\t\t<\/div>\n\t\t\t\t\t\t<\/div>\n\t\t\t\t<\/div>\n\t\t\t\t<div class=\"elementor-element elementor-element-162c6fb elementor-icon-list--layout-inline elementor-list-item-link-full_width elementor-widget elementor-widget-icon-list\" data-id=\"162c6fb\" data-element_type=\"widget\" data-e-type=\"widget\" data-widget_type=\"icon-list.default\">\n\t\t\t\t<div class=\"elementor-widget-container\">\n\t\t\t\t\t\t\t<ul class=\"elementor-icon-list-items elementor-inline-items\">\n\t\t\t\t\t\t\t<li class=\"elementor-icon-list-item elementor-inline-item\">\n\t\t\t\t\t\t\t\t\t\t\t<a href=\"https:\/\/www.gebaeudetechnik-schmid.ch\/\">\n\n\t\t\t\t\t\t\t\t\t\t\t<span class=\"elementor-icon-list-text\">Home<\/span>\n\t\t\t\t\t\t\t\t\t\t\t<\/a>\n\t\t\t\t\t\t\t\t\t<\/li>\n\t\t\t\t\t\t\t\t<li class=\"elementor-icon-list-item elementor-inline-item\">\n\t\t\t\t\t\t\t\t\t\t\t<a href=\"https:\/\/www.gebaeudetechnik-schmid.ch\/datenschutz\/\">\n\n\t\t\t\t\t\t\t\t\t\t\t\t<span class=\"elementor-icon-list-icon\">\n\t\t\t\t\t\t\t<svg aria-hidden=\"true\" class=\"e-font-icon-svg e-fas-chevron-right\" viewbox=\"0 0 320 512\" xmlns=\"http:\/\/www.w3.org\/2000\/svg\"><path d=\"M285.476 272.971L91.132 467.314c-9.373 9.373-24.569 9.373-33.941 0l-22.667-22.667c-9.357-9.357-9.375-24.522-.04-33.901L188.505 256 34.484 101.255c-9.335-9.379-9.317-24.544.04-33.901l22.667-22.667c9.373-9.373 24.569-9.373 33.941 0L285.475 239.03c9.373 9.372 9.373 24.568.001 33.941z\"><\/path><\/svg>\t\t\t\t\t\t<\/span>\n\t\t\t\t\t\t\t\t\t\t<span class=\"elementor-icon-list-text\">Protezione dei dati<\/span>\n\t\t\t\t\t\t\t\t\t\t\t<\/a>\n\t\t\t\t\t\t\t\t\t<\/li>\n\t\t\t\t\t\t<\/ul>\n\t\t\t\t\t\t<\/div>\n\t\t\t\t<\/div>\n\t\t\t\t<\/div>\n\t\t\t\t\t<\/div>\n\t\t\t\t<\/div>\n\t\t<div class=\"elementor-element elementor-element-216a205 e-flex e-con-boxed e-con e-parent\" data-id=\"216a205\" data-element_type=\"container\" data-e-type=\"container\">\n\t\t\t\t\t<div class=\"e-con-inner\">\n\t\t\t\t<div class=\"elementor-element elementor-element-1dfc9f6 elementor-widget elementor-widget-text-editor\" data-id=\"1dfc9f6\" data-element_type=\"widget\" data-e-type=\"widget\" data-widget_type=\"text-editor.default\">\n\t\t\t\t<div class=\"elementor-widget-container\">\n\t\t\t\t\t\t\t\t\t<div class=\"elementor-element elementor-element-214ff656 elementor-widget__width-inherit elementor-widget elementor-widget-heading\" data-id=\"214ff656\" data-element_type=\"widget\" data-widget_type=\"heading.default\"><div class=\"elementor-widget-container\"><h3>La protezione dei dati in sintesi<\/h3><h4>Informazioni generali<\/h4><p>Le seguenti informazioni forniscono una semplice panoramica di ci\u00f2 che accade ai vostri dati personali quando visitate il nostro sito web. Per dati personali si intendono tutti i dati che possono essere utilizzati per identificarvi personalmente. Informazioni dettagliate sul tema della protezione dei dati sono disponibili nella nostra dichiarazione sulla protezione dei dati riportata sotto questo testo.<br \/>\u00a0<\/p><h4>Raccolta di dati sul nostro sito web<\/h4><p><strong>Chi \u00e8 responsabile della raccolta dei dati su questo sito?<\/strong><\/p><p>Il trattamento dei dati su questo sito web viene effettuato dal gestore del sito. I dati di contatto del gestore sono riportati nelle note legali di questo sito.<br \/>\u00a0<\/p><p><strong>Come raccogliamo i vostri dati?<\/strong><\/p><p>Da un lato, i vostri dati vengono raccolti quando ce li fornite. Pu\u00f2 trattarsi, ad esempio, dei dati inseriti in un modulo di contatto. Altri dati vengono raccolti automaticamente dai nostri sistemi informatici quando visitate il sito web. Si tratta principalmente di dati tecnici (ad es. browser Internet, sistema operativo o tempo di visualizzazione della pagina). Questi dati vengono raccolti automaticamente non appena si accede al nostro sito web. Per cosa utilizziamo i vostri dati? Alcuni dati vengono raccolti per garantire che il sito web venga fornito senza errori. Altri dati possono essere utilizzati per analizzare il comportamento degli utenti.<br \/>\u00a0<\/p><p><strong>Quali diritti avete sui vostri dati?<\/strong><\/p><p>Avete il diritto di ricevere gratuitamente in qualsiasi momento informazioni sull'origine, il destinatario e lo scopo dei vostri dati personali memorizzati. Avete inoltre il diritto di richiedere la correzione, il blocco o la cancellazione di tali dati. Per ulteriori domande sulla protezione dei dati, potete contattarci in qualsiasi momento all'indirizzo indicato nella nota legale. Avete inoltre il diritto di presentare un reclamo all'autorit\u00e0 di controllo competente.<br \/>\u00a0<\/p><h3>Note generali e informazioni obbligatorie<\/h3><h4>Protezione dei dati<\/h4><p>I gestori di queste pagine prendono molto sul serio la protezione dei vostri dati personali. Trattiamo i vostri dati personali in modo confidenziale e in conformit\u00e0 alle disposizioni di legge sulla protezione dei dati e alla presente informativa sulla privacy.<\/p><p>Quando si utilizza questo sito web, vengono raccolti diversi dati personali. I dati personali sono dati che possono essere utilizzati per identificarvi personalmente. La presente informativa sulla privacy spiega quali dati raccogliamo e per cosa li utilizziamo. Spiega inoltre come e per quale scopo ci\u00f2 avviene.<\/p><p>Desideriamo sottolineare che la trasmissione di dati su Internet (ad esempio, la comunicazione via e-mail) pu\u00f2 presentare lacune nella sicurezza. Non \u00e8 possibile proteggere completamente i dati dall'accesso di terzi.<br \/>\u00a0<\/p><h4>Nota sull'organismo responsabile<\/h4><p>Il responsabile del trattamento dei dati su questo sito web \u00e8<\/p><p>Schmid Geb\u00e4udetechnik GmbH<br \/>Rosenstrasse 19<br \/>CH &#8211; 8966 Oberwil-Lieli<\/p><p>Il responsabile del trattamento \u00e8 la persona fisica o giuridica che, da sola o insieme ad altri, determina le finalit\u00e0 e i mezzi del trattamento dei dati personali (ad esempio, nomi, indirizzi e-mail, ecc.).<br \/>\u00a0<\/p><h4>Revoca del consenso al trattamento dei dati<\/h4><p>Molte operazioni di trattamento dei dati sono possibili solo con il vostro consenso esplicito. Potete revocare in qualsiasi momento il consenso che avete gi\u00e0 dato. \u00c8 sufficiente inviare un'e-mail informale. La legalit\u00e0 del trattamento dei dati effettuato fino alla cancellazione rimane inalterata.<br \/>\u00a0<\/p><h4>Diritto di presentare un reclamo all'autorit\u00e0 di controllo competente<\/h4><p>In caso di violazione della legge sulla protezione dei dati, l'interessato ha il diritto di presentare un reclamo all'autorit\u00e0 di controllo competente. L'autorit\u00e0 di controllo competente per le questioni relative alla protezione dei dati \u00e8 il responsabile della protezione dei dati dello Stato federale in cui ha sede la nostra azienda. L'elenco dei responsabili della protezione dei dati e i loro dati di contatto sono disponibili al seguente link:\u00a0<a href=\"https:\/\/www.bfdi.bund.de\/ZASt\/DE\/Die%20ZAST\/aufgaben-node.html\">https:\/\/www.bfdi.bund.de\/ZASt\/DE\/Die%20ZAST\/aufgaben-node.html<\/a><br \/>\u00a0<\/p><h4>Diritto alla portabilit\u00e0 dei dati<\/h4><p>Avete il diritto di ottenere che i dati da noi trattati automaticamente sulla base del vostro consenso o in adempimento di un contratto vengano consegnati a voi o a terzi in un formato comunemente utilizzato e leggibile da una macchina. Se richiedete il trasferimento diretto dei dati a un altro titolare del trattamento, questo avverr\u00e0 solo se tecnicamente fattibile.<br \/>\u00a0<\/p><h4>Informazioni, blocco, cancellazione<\/h4><p>Nell'ambito delle disposizioni di legge applicabili, avete il diritto di ricevere informazioni gratuite sui vostri dati personali memorizzati, sulla loro origine e sui destinatari e sullo scopo del trattamento dei dati e, se necessario, il diritto alla correzione, al blocco o alla cancellazione di tali dati in qualsiasi momento. Per ulteriori domande sul tema dei dati personali, potete contattarci in qualsiasi momento all'indirizzo indicato nella nota legale.<br \/>\u00a0<\/p><h3>Raccolta di dati sul nostro sito web<\/h3><h4>File di log del server<\/h4><p>Il fornitore delle pagine raccoglie e memorizza automaticamente le informazioni nei cosiddetti file di log del server, che il vostro browser ci trasmette automaticamente. I log di accesso del server web registrano quali pagine sono state visitate e quando. Essi contengono i seguenti dati:<\/p><p>Indirizzo IP<br \/>data<br \/>Uhrzeit<br \/>pagine visualizzate<br \/>Protocolli<br \/>Codice di stato<br \/>Volume dei dati<br \/>Referente<br \/>Agente utente<br \/>Nome host chiamato<\/p><p>Gli indirizzi IP vengono memorizzati in forma anonima. A tal fine, vengono eliminate le ultime tre cifre, ad esempio 127.0.0.1 diventa 127.0.0.*. Anche gli indirizzi IPv6 vengono anonimizzati. Gli accessi vengono memorizzati per 60 giorni. I log di errore, che registrano le visualizzazioni di pagine errate, vengono cancellati dopo sette giorni. Oltre ai messaggi di errore, contengono l'indirizzo IP di accesso e, a seconda dell'errore, il sito web visitato.<\/p><p>Questi dati non vengono uniti ad altre fonti di dati.<\/p><p>La base per il trattamento dei dati \u00e8 l'art. 6 comma 1 lett. f GDPR, che consente il trattamento dei dati per l'adempimento di un contratto o di misure precontrattuali.<br \/>\u00a0<\/p><h4>Validit\u00e0 legale della presente clausola di esclusione della responsabilit\u00e0<\/h4><p>La presente dichiarazione di non responsabilit\u00e0 deve essere considerata parte integrante della pubblicazione internet da cui siete stati indirizzati. Se sezioni o singoli termini di questa dichiarazione non sono legali o corretti, il contenuto o la validit\u00e0 delle altre parti non sono influenzati da questo fatto.\u00a0<\/p><p>\u00a0<\/p><\/div><\/div>\t\t\t\t\t\t\t\t<\/div>\n\t\t\t\t<\/div>\n\t\t\t\t\t<\/div>\n\t\t\t\t<\/div>\n\t\t\t\t<\/div>","protected":false},"excerpt":{"rendered":"<p>Datenschutz Home Datenschutz Datenschutz auf einen Blick Allgemeine Hinweise Die folgenden Hinweise geben einen einfachen \u00dcberblick dar\u00fcber, was mit Ihren personenbezogenen Daten passiert, wenn Sie unsere Website besuchen. Personenbezogene Daten sind alle Daten, mit denen Sie pers\u00f6nlich identifiziert werden k\u00f6nnen. Ausf\u00fchrliche Informationen zum Thema Datenschutz entnehmen Sie unserer unter diesem Text aufgef\u00fchrten Datenschutzerkl\u00e4rung.\u00a0 Datenerfassung auf [&hellip;]<\/p>\n","protected":false},"author":4,"featured_media":1269,"parent":0,"menu_order":0,"comment_status":"closed","ping_status":"closed","template":"","meta":{"footnotes":""},"class_list":["post-1329","page","type-page","status-publish","has-post-thumbnail","hentry"],"yoast_head":"<!-- This site is optimized with the Yoast SEO plugin v27.4 - https:\/\/yoast.com\/product\/yoast-seo-wordpress\/ -->\n<title>Datenschutz f\u00fcr Unternehmen: Mit Schmid Geb\u00e4udetechnik<\/title>\n<meta name=\"description\" content=\"Wir sch\u00fctzen Sie und Ihre Unternehmensdaten. Mit Privatsph\u00e4re und professionellem Datenschutz bei Schmid Geb\u00e4udetechnik\" \/>\n<meta name=\"robots\" content=\"index, follow, max-snippet:-1, max-image-preview:large, max-video-preview:-1\" \/>\n<link rel=\"canonical\" href=\"https:\/\/www.gebaeudetechnik-schmid.ch\/it\/datenschutz\/\" \/>\n<meta property=\"og:locale\" content=\"it_IT\" \/>\n<meta property=\"og:type\" content=\"article\" \/>\n<meta property=\"og:title\" content=\"Datenschutz f\u00fcr Unternehmen: Mit Schmid Geb\u00e4udetechnik\" \/>\n<meta property=\"og:description\" content=\"Wir sch\u00fctzen Sie und Ihre Unternehmensdaten. Mit Privatsph\u00e4re und professionellem Datenschutz bei Schmid Geb\u00e4udetechnik\" \/>\n<meta property=\"og:url\" content=\"https:\/\/www.gebaeudetechnik-schmid.ch\/it\/datenschutz\/\" \/>\n<meta property=\"og:site_name\" content=\"Geb\u00e4udetechnik Schmid\" \/>\n<meta property=\"article:publisher\" content=\"https:\/\/www.facebook.com\/profile.php?id=100090130176016\" \/>\n<meta property=\"article:modified_time\" content=\"2024-05-09T18:29:33+00:00\" \/>\n<meta property=\"og:image\" content=\"https:\/\/www.gebaeudetechnik-schmid.ch\/wp-content\/uploads\/2024\/03\/Favicon.jpg\" \/>\n\t<meta property=\"og:image:width\" content=\"512\" \/>\n\t<meta property=\"og:image:height\" content=\"512\" \/>\n\t<meta property=\"og:image:type\" content=\"image\/jpeg\" \/>\n<meta name=\"twitter:card\" content=\"summary_large_image\" \/>\n<meta name=\"twitter:label1\" content=\"Tempo di lettura stimato\" \/>\n\t<meta name=\"twitter:data1\" content=\"5 minuti\" \/>\n<script type=\"application\/ld+json\" class=\"yoast-schema-graph\">{\"@context\":\"https:\\\/\\\/schema.org\",\"@graph\":[{\"@type\":\"WebPage\",\"@id\":\"https:\\\/\\\/www.gebaeudetechnik-schmid.ch\\\/datenschutz\\\/\",\"url\":\"https:\\\/\\\/www.gebaeudetechnik-schmid.ch\\\/datenschutz\\\/\",\"name\":\"Datenschutz f\u00fcr Unternehmen: Mit Schmid Geb\u00e4udetechnik\",\"isPartOf\":{\"@id\":\"https:\\\/\\\/www.gebaeudetechnik-schmid.ch\\\/#website\"},\"primaryImageOfPage\":{\"@id\":\"https:\\\/\\\/www.gebaeudetechnik-schmid.ch\\\/datenschutz\\\/#primaryimage\"},\"image\":{\"@id\":\"https:\\\/\\\/www.gebaeudetechnik-schmid.ch\\\/datenschutz\\\/#primaryimage\"},\"thumbnailUrl\":\"https:\\\/\\\/www.gebaeudetechnik-schmid.ch\\\/wp-content\\\/uploads\\\/2024\\\/03\\\/Favicon.jpg\",\"datePublished\":\"2024-03-14T17:46:26+00:00\",\"dateModified\":\"2024-05-09T18:29:33+00:00\",\"description\":\"Wir sch\u00fctzen Sie und Ihre Unternehmensdaten. Mit Privatsph\u00e4re und professionellem Datenschutz bei Schmid Geb\u00e4udetechnik\",\"breadcrumb\":{\"@id\":\"https:\\\/\\\/www.gebaeudetechnik-schmid.ch\\\/datenschutz\\\/#breadcrumb\"},\"inLanguage\":\"it-IT\",\"potentialAction\":[{\"@type\":\"ReadAction\",\"target\":[\"https:\\\/\\\/www.gebaeudetechnik-schmid.ch\\\/datenschutz\\\/\"]}]},{\"@type\":\"ImageObject\",\"inLanguage\":\"it-IT\",\"@id\":\"https:\\\/\\\/www.gebaeudetechnik-schmid.ch\\\/datenschutz\\\/#primaryimage\",\"url\":\"https:\\\/\\\/www.gebaeudetechnik-schmid.ch\\\/wp-content\\\/uploads\\\/2024\\\/03\\\/Favicon.jpg\",\"contentUrl\":\"https:\\\/\\\/www.gebaeudetechnik-schmid.ch\\\/wp-content\\\/uploads\\\/2024\\\/03\\\/Favicon.jpg\",\"width\":512,\"height\":512,\"caption\":\"Hochwertige L\u00fcftungs- und Klimal\u00f6sungen f\u00fcr Ihr Zuhause und Ihr Unternehmen. Kostenlose Beratung\"},{\"@type\":\"BreadcrumbList\",\"@id\":\"https:\\\/\\\/www.gebaeudetechnik-schmid.ch\\\/datenschutz\\\/#breadcrumb\",\"itemListElement\":[{\"@type\":\"ListItem\",\"position\":1,\"name\":\"Startseite\",\"item\":\"https:\\\/\\\/www.gebaeudetechnik-schmid.ch\\\/\"},{\"@type\":\"ListItem\",\"position\":2,\"name\":\"Datenschutz\"}]},{\"@type\":\"WebSite\",\"@id\":\"https:\\\/\\\/www.gebaeudetechnik-schmid.ch\\\/#website\",\"url\":\"https:\\\/\\\/www.gebaeudetechnik-schmid.ch\\\/\",\"name\":\"Geb\u00e4udetechnik Schmid\",\"description\":\"Brandschutz, L\u00fcftung, Klima, Isolation, Heizung und Sanit\u00e4r\",\"publisher\":{\"@id\":\"https:\\\/\\\/www.gebaeudetechnik-schmid.ch\\\/#organization\"},\"potentialAction\":[{\"@type\":\"SearchAction\",\"target\":{\"@type\":\"EntryPoint\",\"urlTemplate\":\"https:\\\/\\\/www.gebaeudetechnik-schmid.ch\\\/?s={search_term_string}\"},\"query-input\":{\"@type\":\"PropertyValueSpecification\",\"valueRequired\":true,\"valueName\":\"search_term_string\"}}],\"inLanguage\":\"it-IT\"},{\"@type\":\"Organization\",\"@id\":\"https:\\\/\\\/www.gebaeudetechnik-schmid.ch\\\/#organization\",\"name\":\"Geb\u00e4udetechnik Schmid\",\"url\":\"https:\\\/\\\/www.gebaeudetechnik-schmid.ch\\\/\",\"logo\":{\"@type\":\"ImageObject\",\"inLanguage\":\"it-IT\",\"@id\":\"https:\\\/\\\/www.gebaeudetechnik-schmid.ch\\\/#\\\/schema\\\/logo\\\/image\\\/\",\"url\":\"https:\\\/\\\/www.gebaeudetechnik-schmid.ch\\\/wp-content\\\/uploads\\\/2024\\\/08\\\/Gebaeudetechnik-Schmid.png\",\"contentUrl\":\"https:\\\/\\\/www.gebaeudetechnik-schmid.ch\\\/wp-content\\\/uploads\\\/2024\\\/08\\\/Gebaeudetechnik-Schmid.png\",\"width\":583,\"height\":200,\"caption\":\"Geb\u00e4udetechnik Schmid\"},\"image\":{\"@id\":\"https:\\\/\\\/www.gebaeudetechnik-schmid.ch\\\/#\\\/schema\\\/logo\\\/image\\\/\"},\"sameAs\":[\"https:\\\/\\\/www.facebook.com\\\/profile.php?id=100090130176016\",\"https:\\\/\\\/www.linkedin.com\\\/in\\\/romano-schmid-1048bb1a6\\\/?originalSubdomain=ch\"]}]}<\/script>\n<!-- \/ Yoast SEO plugin. -->","yoast_head_json":{"title":"Datenschutz f\u00fcr Unternehmen: Mit Schmid Geb\u00e4udetechnik","description":"Wir sch\u00fctzen Sie und Ihre Unternehmensdaten. Mit Privatsph\u00e4re und professionellem Datenschutz bei Schmid Geb\u00e4udetechnik","robots":{"index":"index","follow":"follow","max-snippet":"max-snippet:-1","max-image-preview":"max-image-preview:large","max-video-preview":"max-video-preview:-1"},"canonical":"https:\/\/www.gebaeudetechnik-schmid.ch\/it\/datenschutz\/","og_locale":"it_IT","og_type":"article","og_title":"Datenschutz f\u00fcr Unternehmen: Mit Schmid Geb\u00e4udetechnik","og_description":"Wir sch\u00fctzen Sie und Ihre Unternehmensdaten. Mit Privatsph\u00e4re und professionellem Datenschutz bei Schmid Geb\u00e4udetechnik","og_url":"https:\/\/www.gebaeudetechnik-schmid.ch\/it\/datenschutz\/","og_site_name":"Geb\u00e4udetechnik Schmid","article_publisher":"https:\/\/www.facebook.com\/profile.php?id=100090130176016","article_modified_time":"2024-05-09T18:29:33+00:00","og_image":[{"width":512,"height":512,"url":"https:\/\/www.gebaeudetechnik-schmid.ch\/wp-content\/uploads\/2024\/03\/Favicon.jpg","type":"image\/jpeg"}],"twitter_card":"summary_large_image","twitter_misc":{"Tempo di lettura stimato":"5 minuti"},"schema":{"@context":"https:\/\/schema.org","@graph":[{"@type":"WebPage","@id":"https:\/\/www.gebaeudetechnik-schmid.ch\/datenschutz\/","url":"https:\/\/www.gebaeudetechnik-schmid.ch\/datenschutz\/","name":"Datenschutz f\u00fcr Unternehmen: Mit Schmid Geb\u00e4udetechnik","isPartOf":{"@id":"https:\/\/www.gebaeudetechnik-schmid.ch\/#website"},"primaryImageOfPage":{"@id":"https:\/\/www.gebaeudetechnik-schmid.ch\/datenschutz\/#primaryimage"},"image":{"@id":"https:\/\/www.gebaeudetechnik-schmid.ch\/datenschutz\/#primaryimage"},"thumbnailUrl":"https:\/\/www.gebaeudetechnik-schmid.ch\/wp-content\/uploads\/2024\/03\/Favicon.jpg","datePublished":"2024-03-14T17:46:26+00:00","dateModified":"2024-05-09T18:29:33+00:00","description":"Wir sch\u00fctzen Sie und Ihre Unternehmensdaten. Mit Privatsph\u00e4re und professionellem Datenschutz bei Schmid Geb\u00e4udetechnik","breadcrumb":{"@id":"https:\/\/www.gebaeudetechnik-schmid.ch\/datenschutz\/#breadcrumb"},"inLanguage":"it-IT","potentialAction":[{"@type":"ReadAction","target":["https:\/\/www.gebaeudetechnik-schmid.ch\/datenschutz\/"]}]},{"@type":"ImageObject","inLanguage":"it-IT","@id":"https:\/\/www.gebaeudetechnik-schmid.ch\/datenschutz\/#primaryimage","url":"https:\/\/www.gebaeudetechnik-schmid.ch\/wp-content\/uploads\/2024\/03\/Favicon.jpg","contentUrl":"https:\/\/www.gebaeudetechnik-schmid.ch\/wp-content\/uploads\/2024\/03\/Favicon.jpg","width":512,"height":512,"caption":"Hochwertige L\u00fcftungs- und Klimal\u00f6sungen f\u00fcr Ihr Zuhause und Ihr Unternehmen. Kostenlose Beratung"},{"@type":"BreadcrumbList","@id":"https:\/\/www.gebaeudetechnik-schmid.ch\/datenschutz\/#breadcrumb","itemListElement":[{"@type":"ListItem","position":1,"name":"Startseite","item":"https:\/\/www.gebaeudetechnik-schmid.ch\/"},{"@type":"ListItem","position":2,"name":"Datenschutz"}]},{"@type":"WebSite","@id":"https:\/\/www.gebaeudetechnik-schmid.ch\/#website","url":"https:\/\/www.gebaeudetechnik-schmid.ch\/","name":"Geb\u00e4udetechnik Schmid","description":"Brandschutz, L\u00fcftung, Klima, Isolation, Heizung und Sanit\u00e4r","publisher":{"@id":"https:\/\/www.gebaeudetechnik-schmid.ch\/#organization"},"potentialAction":[{"@type":"SearchAction","target":{"@type":"EntryPoint","urlTemplate":"https:\/\/www.gebaeudetechnik-schmid.ch\/?s={search_term_string}"},"query-input":{"@type":"PropertyValueSpecification","valueRequired":true,"valueName":"search_term_string"}}],"inLanguage":"it-IT"},{"@type":"Organization","@id":"https:\/\/www.gebaeudetechnik-schmid.ch\/#organization","name":"Geb\u00e4udetechnik Schmid","url":"https:\/\/www.gebaeudetechnik-schmid.ch\/","logo":{"@type":"ImageObject","inLanguage":"it-IT","@id":"https:\/\/www.gebaeudetechnik-schmid.ch\/#\/schema\/logo\/image\/","url":"https:\/\/www.gebaeudetechnik-schmid.ch\/wp-content\/uploads\/2024\/08\/Gebaeudetechnik-Schmid.png","contentUrl":"https:\/\/www.gebaeudetechnik-schmid.ch\/wp-content\/uploads\/2024\/08\/Gebaeudetechnik-Schmid.png","width":583,"height":200,"caption":"Geb\u00e4udetechnik Schmid"},"image":{"@id":"https:\/\/www.gebaeudetechnik-schmid.ch\/#\/schema\/logo\/image\/"},"sameAs":["https:\/\/www.facebook.com\/profile.php?id=100090130176016","https:\/\/www.linkedin.com\/in\/romano-schmid-1048bb1a6\/?originalSubdomain=ch"]}]}},"_links":{"self":[{"href":"https:\/\/www.gebaeudetechnik-schmid.ch\/it\/wp-json\/wp\/v2\/pages\/1329","targetHints":{"allow":["GET"]}}],"collection":[{"href":"https:\/\/www.gebaeudetechnik-schmid.ch\/it\/wp-json\/wp\/v2\/pages"}],"about":[{"href":"https:\/\/www.gebaeudetechnik-schmid.ch\/it\/wp-json\/wp\/v2\/types\/page"}],"author":[{"embeddable":true,"href":"https:\/\/www.gebaeudetechnik-schmid.ch\/it\/wp-json\/wp\/v2\/users\/4"}],"replies":[{"embeddable":true,"href":"https:\/\/www.gebaeudetechnik-schmid.ch\/it\/wp-json\/wp\/v2\/comments?post=1329"}],"version-history":[{"count":15,"href":"https:\/\/www.gebaeudetechnik-schmid.ch\/it\/wp-json\/wp\/v2\/pages\/1329\/revisions"}],"predecessor-version":[{"id":2997,"href":"https:\/\/www.gebaeudetechnik-schmid.ch\/it\/wp-json\/wp\/v2\/pages\/1329\/revisions\/2997"}],"wp:featuredmedia":[{"embeddable":true,"href":"https:\/\/www.gebaeudetechnik-schmid.ch\/it\/wp-json\/wp\/v2\/media\/1269"}],"wp:attachment":[{"href":"https:\/\/www.gebaeudetechnik-schmid.ch\/it\/wp-json\/wp\/v2\/media?parent=1329"}],"curies":[{"name":"wp","href":"https:\/\/api.w.org\/{rel}","templated":true}]}}